{"id":40,"date":"2021-08-27T20:31:50","date_gmt":"2021-08-27T20:31:50","guid":{"rendered":"https:\/\/www.printvisor.com\/pl\/?page_id=40"},"modified":"2024-12-09T11:42:06","modified_gmt":"2024-12-09T11:42:06","slug":"centrum-pomocy","status":"publish","type":"page","link":"https:\/\/www.printvisor.com\/pl\/centrum-pomocy","title":{"rendered":"Centrum Pomocy PrintVisor"},"content":{"rendered":"\n<style>\n.wp-block-search button[name=\"submit\"] {\n    position: absolute;\n    top: 14px;\n    right: calc(100% - 97%);\n    border: 0px;\n    background-color: transparent;\n}\n.wp-block-search__inside-wrapper {\n    width: 100%;\n    border: 0px;\n    position: relative;\n}\n#wp-block-search__input-1 {\n    border-radius: 10px;\n    height: 50px;\n    width: 90%;\n}\n::placeholder {\n  color: #e0e0e0;\n}\n<\/style>\n\n<div style=\"background-color: #3d4754;padding: 40px 40px 40px 40px;margin-bottom: 20px;border-radius: 10px;\">\n<form role=\"search\" method=\"get\" action=\"https:\/\/www.printvisor.com\/\" class=\"wp-block-search__button-inside wp-block-search__icon-button buf-b wp-block-search\" style=\"margin-bottom: 0px;\">\n<label for=\"wp-block-search__input-1\" class=\"wp-block-search__label screen-reader-text\">Search<\/label>\n<div class=\"wp-block-search__inside-wrapper\" style=\"border: 0px;\">\n<input type=\"search\" id=\"wp-block-search__input-1\" class=\"wp-block-search__input\" name=\"s\" value=\"\" placeholder=\" Przeszukaj...\" required=\"\" style=\"border-radius: 10px;height: 50px;padding-left: 20px;\"><button type=\"submit\" class=\"wp-block-search__button has-icon\" style=\"  position: absolute;top: 10px;right: 18px;background-color: transparent;border: 0px;\"><svg id=\"search-icon\" class=\"search-icon\" viewBox=\"0 0 24 24\" width=\"32\" height=\"32\">\n\t\t\t        <path d=\"M13.5 6C10.5 6 8 8.5 8 11.5c0 1.1.3 2.1.9 3l-3.4 3 1 1.1 3.4-2.9c1 .9 2.2 1.4 3.6 1.4 3 0 5.5-2.5 5.5-5.5C19 8.5 16.5 6 13.5 6zm0 9.5c-2.2 0-4-1.8-4-4s1.8-4 4-4 4 1.8 4 4-1.8 4-4 4z\"><\/path>\n\t\t\t    <\/svg><\/button><\/div><\/form><\/div>\n\n\n\n<p>Ta sekcja witryny internetowej zawiera przewodniki wyja\u015bniaj\u0105ce, jak pobiera\u0107, instalowa\u0107, wdra\u017ca\u0107 na wielu komputerach, konfigurowa\u0107 i u\u017cywa\u0107 PrintVisor. Szybko rozpocznij prac\u0119 dzi\u0119ki Skr\u00f3conej Instrukcji Obs\u0142ugi i dowiedz si\u0119 wi\u0119cej dzi\u0119ki nadchodz\u0105cym poradnikom, poradom i wskaz\u00f3wkom zwi\u0105zanym z korzystaniem z programu.<\/p>\n\n\n\n<h2 class=\"wp-block-heading\">Pierwsze kroki<\/h2>\n\n\n\n<p class=\"h3 mb-3\"><a href=\"https:\/\/www.printvisor.com\/pl\/centrum-pomocy\/quick-start-guide\"><img loading=\"lazy\" decoding=\"async\" width=\"31\" height=\"25\" src=\"https:\/\/www.printvisor.com\/media\/2021\/08\/manual.svg\"> Skr\u00f3cona Instrukcja Obs\u0142ugi<\/a><\/p>\n\n\n\n<p class=\"h3 mb-3\"><a href=\"https:\/\/www.printvisor.com\/pl\/centrum-pomocy\/quick-start-guide#faq\"><img loading=\"lazy\" decoding=\"async\" width=\"25\" height=\"25\" src=\"https:\/\/www.printvisor.com\/media\/2021\/08\/faq.svg\" alt=\"\" class=\"wp-image-2280\"> Pytania i Odpowiedzi<\/a><\/p>\n\n\n\n<p class=\"h3 mb-3\"><a href=\"https:\/\/www.printvisor.com\/pl\/centrum-pomocy\/buy-and-activate-subscription\"><img decoding=\"async\" class=\"wp-image-3039\" style=\"width: 31px;\" src=\"https:\/\/www.printvisor.com\/media\/2024\/12\/pocket.svg\" alt=\"\"> Jak Kupi\u0107 i Aktywowa\u0107 Subskrypcj\u0119 PrintVisor<\/a><\/p>\n\n\n\n<h2 class=\"wp-block-heading\">Zapytaj o pomoc<\/h2>\n\n\n\n<p>Nie mo\u017cesz znale\u017a\u0107 tego, czego szukasz?<\/p>\n\n\n\n<div class=\"wp-block-buttons buf-b\">\n<div class=\"wp-block-button\"><a class=\"wp-block-button__link has-white-color has-text-color has-background\" href=\"https:\/\/www.printvisor.com\/pl\/contact\">Skontaktuj si\u0119 z nami<\/a><\/div>\n<\/div><br>\n","protected":false},"excerpt":{"rendered":"<p>Search Ta sekcja witryny internetowej zawiera przewodniki wyja\u015bniaj\u0105ce, jak pobiera\u0107, instalowa\u0107, wdra\u017ca\u0107 na wielu komputerach, konfigurowa\u0107 i u\u017cywa\u0107 PrintVisor. Szybko rozpocznij prac\u0119 dzi\u0119ki Skr\u00f3conej Instrukcji Obs\u0142ugi i dowiedz si\u0119 wi\u0119cej dzi\u0119ki nadchodz\u0105cym poradnikom, poradom i wskaz\u00f3wkom zwi\u0105zanym z korzystaniem z programu. Pierwsze kroki Skr\u00f3cona Instrukcja Obs\u0142ugi Pytania i Odpowiedzi Jak Kupi\u0107 i Aktywowa\u0107 Subskrypcj\u0119 PrintVisor [&hellip;]<\/p>\n","protected":false},"author":1,"featured_media":0,"parent":0,"menu_order":0,"comment_status":"closed","ping_status":"closed","template":"","meta":{"inline_featured_image":false,"_uag_custom_page_level_css":"","site-sidebar-layout":"default","site-content-layout":"default","ast-site-content-layout":"default","site-content-style":"default","site-sidebar-style":"default","ast-global-header-display":"","ast-banner-title-visibility":"","ast-main-header-display":"","ast-hfb-above-header-display":"","ast-hfb-below-header-display":"","ast-hfb-mobile-header-display":"","site-post-title":"","ast-breadcrumbs-content":"","ast-featured-img":"","footer-sml-layout":"","ast-disable-related-posts":"","theme-transparent-header-meta":"default","adv-header-id-meta":"","stick-header-meta":"default","header-above-stick-meta":"","header-main-stick-meta":"","header-below-stick-meta":"","astra-migrate-meta-layouts":"set","ast-page-background-enabled":"default","ast-page-background-meta":{"desktop":{"background-color":"","background-image":"","background-repeat":"repeat","background-position":"center center","background-size":"auto","background-attachment":"scroll","background-type":"","background-media":"","overlay-type":"","overlay-color":"","overlay-opacity":"","overlay-gradient":""},"tablet":{"background-color":"","background-image":"","background-repeat":"repeat","background-position":"center center","background-size":"auto","background-attachment":"scroll","background-type":"","background-media":"","overlay-type":"","overlay-color":"","overlay-opacity":"","overlay-gradient":""},"mobile":{"background-color":"","background-image":"","background-repeat":"repeat","background-position":"center center","background-size":"auto","background-attachment":"scroll","background-type":"","background-media":"","overlay-type":"","overlay-color":"","overlay-opacity":"","overlay-gradient":""}},"ast-content-background-meta":{"desktop":{"background-color":"var(--ast-global-color-5)","background-image":"","background-repeat":"repeat","background-position":"center center","background-size":"auto","background-attachment":"scroll","background-type":"","background-media":"","overlay-type":"","overlay-color":"","overlay-opacity":"","overlay-gradient":""},"tablet":{"background-color":"var(--ast-global-color-5)","background-image":"","background-repeat":"repeat","background-position":"center center","background-size":"auto","background-attachment":"scroll","background-type":"","background-media":"","overlay-type":"","overlay-color":"","overlay-opacity":"","overlay-gradient":""},"mobile":{"background-color":"var(--ast-global-color-5)","background-image":"","background-repeat":"repeat","background-position":"center center","background-size":"auto","background-attachment":"scroll","background-type":"","background-media":"","overlay-type":"","overlay-color":"","overlay-opacity":"","overlay-gradient":""}},"footnotes":""},"class_list":["post-40","page","type-page","status-publish","hentry"],"yoast_head":"<!-- This site is optimized with the Yoast SEO plugin v27.5 - https:\/\/yoast.com\/product\/yoast-seo-wordpress\/ -->\n<title>Centrum Pomocy PrintVisor \u2013 Skr\u00f3cona Instrukcja Obs\u0142ugi, Pytania i Odpowiedzi i Instrukcje Dotycz\u0105ce Monitorowania Drukarek<\/title>\n<meta name=\"description\" content=\"Odwied\u017a centrum pomocy PrintVisor, aby dowiedzie\u0107 si\u0119, jak pobiera\u0107, instalowa\u0107, wdra\u017ca\u0107 na wielu komputerach, jak najefektywniej konfigurowa\u0107 i korzysta\u0107 z oprogramowania. Dzi\u0119ki PrintVisor mo\u017cesz monitorowa\u0107 wszystkie drukarki w przedsi\u0119biorstwie i poza nim.\" \/>\n<meta name=\"robots\" content=\"index, follow, max-snippet:-1, max-image-preview:large, max-video-preview:-1\" \/>\n<link rel=\"canonical\" href=\"https:\/\/www.printvisor.com\/pl\/centrum-pomocy\" \/>\n<meta property=\"og:locale\" content=\"pl_PL\" \/>\n<meta property=\"og:type\" content=\"article\" \/>\n<meta property=\"og:title\" content=\"Centrum Pomocy PrintVisor \u2013 Skr\u00f3cona Instrukcja Obs\u0142ugi, Pytania i Odpowiedzi i Instrukcje Dotycz\u0105ce Monitorowania Drukarek\" \/>\n<meta property=\"og:description\" content=\"Odwied\u017a centrum pomocy PrintVisor, aby dowiedzie\u0107 si\u0119, jak pobiera\u0107, instalowa\u0107, wdra\u017ca\u0107 na wielu komputerach, jak najefektywniej konfigurowa\u0107 i korzysta\u0107 z oprogramowania. Dzi\u0119ki PrintVisor mo\u017cesz monitorowa\u0107 wszystkie drukarki w przedsi\u0119biorstwie i poza nim.\" \/>\n<meta property=\"og:url\" content=\"https:\/\/www.printvisor.com\/pl\/centrum-pomocy\" \/>\n<meta property=\"og:site_name\" content=\"PrintVisor\" \/>\n<meta property=\"article:modified_time\" content=\"2024-12-09T11:42:06+00:00\" \/>\n<meta property=\"og:image\" content=\"https:\/\/www.printvisor.com\/media\/2021\/08\/manual.svg\" \/>\n<meta name=\"twitter:card\" content=\"summary_large_image\" \/>\n<meta name=\"twitter:label1\" content=\"Szacowany czas czytania\" \/>\n\t<meta name=\"twitter:data1\" content=\"2 minuty\" \/>\n<script type=\"application\/ld+json\" class=\"yoast-schema-graph\">{\"@context\":\"https:\\\/\\\/schema.org\",\"@graph\":[{\"@type\":\"WebPage\",\"@id\":\"https:\\\/\\\/www.printvisor.com\\\/pl\\\/centrum-pomocy\",\"url\":\"https:\\\/\\\/www.printvisor.com\\\/pl\\\/centrum-pomocy\",\"name\":\"Centrum Pomocy PrintVisor \u2013 Skr\u00f3cona Instrukcja Obs\u0142ugi, Pytania i Odpowiedzi i Instrukcje Dotycz\u0105ce Monitorowania Drukarek\",\"isPartOf\":{\"@id\":\"https:\\\/\\\/www.printvisor.com\\\/pl\\\/#website\"},\"primaryImageOfPage\":{\"@id\":\"https:\\\/\\\/www.printvisor.com\\\/pl\\\/centrum-pomocy#primaryimage\"},\"image\":{\"@id\":\"https:\\\/\\\/www.printvisor.com\\\/pl\\\/centrum-pomocy#primaryimage\"},\"thumbnailUrl\":\"https:\\\/\\\/www.printvisor.com\\\/media\\\/2021\\\/08\\\/manual.svg\",\"datePublished\":\"2021-08-27T20:31:50+00:00\",\"dateModified\":\"2024-12-09T11:42:06+00:00\",\"description\":\"Odwied\u017a centrum pomocy PrintVisor, aby dowiedzie\u0107 si\u0119, jak pobiera\u0107, instalowa\u0107, wdra\u017ca\u0107 na wielu komputerach, jak najefektywniej konfigurowa\u0107 i korzysta\u0107 z oprogramowania. Dzi\u0119ki PrintVisor mo\u017cesz monitorowa\u0107 wszystkie drukarki w przedsi\u0119biorstwie i poza nim.\",\"breadcrumb\":{\"@id\":\"https:\\\/\\\/www.printvisor.com\\\/pl\\\/centrum-pomocy#breadcrumb\"},\"inLanguage\":\"pl-PL\",\"potentialAction\":[{\"@type\":\"ReadAction\",\"target\":[\"https:\\\/\\\/www.printvisor.com\\\/pl\\\/centrum-pomocy\"]}]},{\"@type\":\"ImageObject\",\"inLanguage\":\"pl-PL\",\"@id\":\"https:\\\/\\\/www.printvisor.com\\\/pl\\\/centrum-pomocy#primaryimage\",\"url\":\"https:\\\/\\\/www.printvisor.com\\\/media\\\/2021\\\/08\\\/manual.svg\",\"contentUrl\":\"https:\\\/\\\/www.printvisor.com\\\/media\\\/2021\\\/08\\\/manual.svg\"},{\"@type\":\"BreadcrumbList\",\"@id\":\"https:\\\/\\\/www.printvisor.com\\\/pl\\\/centrum-pomocy#breadcrumb\",\"itemListElement\":[{\"@type\":\"ListItem\",\"position\":1,\"name\":\"Home\",\"item\":\"https:\\\/\\\/www.printvisor.com\\\/pl\\\/\"},{\"@type\":\"ListItem\",\"position\":2,\"name\":\"Centrum Pomocy PrintVisor\"}]},{\"@type\":\"WebSite\",\"@id\":\"https:\\\/\\\/www.printvisor.com\\\/pl\\\/#website\",\"url\":\"https:\\\/\\\/www.printvisor.com\\\/pl\\\/\",\"name\":\"PrintVisor\",\"description\":\"Just another PrintVisor Sites site\",\"publisher\":{\"@id\":\"https:\\\/\\\/www.printvisor.com\\\/pl\\\/#organization\"},\"potentialAction\":[{\"@type\":\"SearchAction\",\"target\":{\"@type\":\"EntryPoint\",\"urlTemplate\":\"https:\\\/\\\/www.printvisor.com\\\/pl\\\/?s={search_term_string}\"},\"query-input\":{\"@type\":\"PropertyValueSpecification\",\"valueRequired\":true,\"valueName\":\"search_term_string\"}}],\"inLanguage\":\"pl-PL\"},{\"@type\":\"Organization\",\"@id\":\"https:\\\/\\\/www.printvisor.com\\\/pl\\\/#organization\",\"name\":\"PrintVisor\",\"url\":\"https:\\\/\\\/www.printvisor.com\\\/pl\\\/\",\"logo\":{\"@type\":\"ImageObject\",\"inLanguage\":\"pl-PL\",\"@id\":\"https:\\\/\\\/www.printvisor.com\\\/pl\\\/#\\\/schema\\\/logo\\\/image\\\/\",\"url\":\"https:\\\/\\\/www.printvisor.com\\\/pl\\\/media\\\/sites\\\/3\\\/2021\\\/08\\\/pv2.svg\",\"contentUrl\":\"https:\\\/\\\/www.printvisor.com\\\/pl\\\/media\\\/sites\\\/3\\\/2021\\\/08\\\/pv2.svg\",\"width\":50,\"height\":50,\"caption\":\"PrintVisor\"},\"image\":{\"@id\":\"https:\\\/\\\/www.printvisor.com\\\/pl\\\/#\\\/schema\\\/logo\\\/image\\\/\"}}]}<\/script>\n<!-- \/ Yoast SEO plugin. -->","yoast_head_json":{"title":"Centrum Pomocy PrintVisor \u2013 Skr\u00f3cona Instrukcja Obs\u0142ugi, Pytania i Odpowiedzi i Instrukcje Dotycz\u0105ce Monitorowania Drukarek","description":"Odwied\u017a centrum pomocy PrintVisor, aby dowiedzie\u0107 si\u0119, jak pobiera\u0107, instalowa\u0107, wdra\u017ca\u0107 na wielu komputerach, jak najefektywniej konfigurowa\u0107 i korzysta\u0107 z oprogramowania. Dzi\u0119ki PrintVisor mo\u017cesz monitorowa\u0107 wszystkie drukarki w przedsi\u0119biorstwie i poza nim.","robots":{"index":"index","follow":"follow","max-snippet":"max-snippet:-1","max-image-preview":"max-image-preview:large","max-video-preview":"max-video-preview:-1"},"canonical":"https:\/\/www.printvisor.com\/pl\/centrum-pomocy","og_locale":"pl_PL","og_type":"article","og_title":"Centrum Pomocy PrintVisor \u2013 Skr\u00f3cona Instrukcja Obs\u0142ugi, Pytania i Odpowiedzi i Instrukcje Dotycz\u0105ce Monitorowania Drukarek","og_description":"Odwied\u017a centrum pomocy PrintVisor, aby dowiedzie\u0107 si\u0119, jak pobiera\u0107, instalowa\u0107, wdra\u017ca\u0107 na wielu komputerach, jak najefektywniej konfigurowa\u0107 i korzysta\u0107 z oprogramowania. Dzi\u0119ki PrintVisor mo\u017cesz monitorowa\u0107 wszystkie drukarki w przedsi\u0119biorstwie i poza nim.","og_url":"https:\/\/www.printvisor.com\/pl\/centrum-pomocy","og_site_name":"PrintVisor","article_modified_time":"2024-12-09T11:42:06+00:00","og_image":[{"url":"https:\/\/www.printvisor.com\/media\/2021\/08\/manual.svg","type":"","width":"","height":""}],"twitter_card":"summary_large_image","twitter_misc":{"Szacowany czas czytania":"2 minuty"},"schema":{"@context":"https:\/\/schema.org","@graph":[{"@type":"WebPage","@id":"https:\/\/www.printvisor.com\/pl\/centrum-pomocy","url":"https:\/\/www.printvisor.com\/pl\/centrum-pomocy","name":"Centrum Pomocy PrintVisor \u2013 Skr\u00f3cona Instrukcja Obs\u0142ugi, Pytania i Odpowiedzi i Instrukcje Dotycz\u0105ce Monitorowania Drukarek","isPartOf":{"@id":"https:\/\/www.printvisor.com\/pl\/#website"},"primaryImageOfPage":{"@id":"https:\/\/www.printvisor.com\/pl\/centrum-pomocy#primaryimage"},"image":{"@id":"https:\/\/www.printvisor.com\/pl\/centrum-pomocy#primaryimage"},"thumbnailUrl":"https:\/\/www.printvisor.com\/media\/2021\/08\/manual.svg","datePublished":"2021-08-27T20:31:50+00:00","dateModified":"2024-12-09T11:42:06+00:00","description":"Odwied\u017a centrum pomocy PrintVisor, aby dowiedzie\u0107 si\u0119, jak pobiera\u0107, instalowa\u0107, wdra\u017ca\u0107 na wielu komputerach, jak najefektywniej konfigurowa\u0107 i korzysta\u0107 z oprogramowania. Dzi\u0119ki PrintVisor mo\u017cesz monitorowa\u0107 wszystkie drukarki w przedsi\u0119biorstwie i poza nim.","breadcrumb":{"@id":"https:\/\/www.printvisor.com\/pl\/centrum-pomocy#breadcrumb"},"inLanguage":"pl-PL","potentialAction":[{"@type":"ReadAction","target":["https:\/\/www.printvisor.com\/pl\/centrum-pomocy"]}]},{"@type":"ImageObject","inLanguage":"pl-PL","@id":"https:\/\/www.printvisor.com\/pl\/centrum-pomocy#primaryimage","url":"https:\/\/www.printvisor.com\/media\/2021\/08\/manual.svg","contentUrl":"https:\/\/www.printvisor.com\/media\/2021\/08\/manual.svg"},{"@type":"BreadcrumbList","@id":"https:\/\/www.printvisor.com\/pl\/centrum-pomocy#breadcrumb","itemListElement":[{"@type":"ListItem","position":1,"name":"Home","item":"https:\/\/www.printvisor.com\/pl\/"},{"@type":"ListItem","position":2,"name":"Centrum Pomocy PrintVisor"}]},{"@type":"WebSite","@id":"https:\/\/www.printvisor.com\/pl\/#website","url":"https:\/\/www.printvisor.com\/pl\/","name":"PrintVisor","description":"Just another PrintVisor Sites site","publisher":{"@id":"https:\/\/www.printvisor.com\/pl\/#organization"},"potentialAction":[{"@type":"SearchAction","target":{"@type":"EntryPoint","urlTemplate":"https:\/\/www.printvisor.com\/pl\/?s={search_term_string}"},"query-input":{"@type":"PropertyValueSpecification","valueRequired":true,"valueName":"search_term_string"}}],"inLanguage":"pl-PL"},{"@type":"Organization","@id":"https:\/\/www.printvisor.com\/pl\/#organization","name":"PrintVisor","url":"https:\/\/www.printvisor.com\/pl\/","logo":{"@type":"ImageObject","inLanguage":"pl-PL","@id":"https:\/\/www.printvisor.com\/pl\/#\/schema\/logo\/image\/","url":"https:\/\/www.printvisor.com\/pl\/media\/sites\/3\/2021\/08\/pv2.svg","contentUrl":"https:\/\/www.printvisor.com\/pl\/media\/sites\/3\/2021\/08\/pv2.svg","width":50,"height":50,"caption":"PrintVisor"},"image":{"@id":"https:\/\/www.printvisor.com\/pl\/#\/schema\/logo\/image\/"}}]}},"uagb_featured_image_src":{"full":false,"thumbnail":false,"medium":false,"medium_large":false,"large":false,"1536x1536":false,"2048x2048":false},"uagb_author_info":{"display_name":"Dmitry","author_link":"https:\/\/www.printvisor.com\/pl\/author\/dmitry"},"uagb_comment_info":0,"uagb_excerpt":"Search Ta sekcja witryny internetowej zawiera przewodniki wyja\u015bniaj\u0105ce, jak pobiera\u0107, instalowa\u0107, wdra\u017ca\u0107 na wielu komputerach, konfigurowa\u0107 i u\u017cywa\u0107 PrintVisor. Szybko rozpocznij prac\u0119 dzi\u0119ki Skr\u00f3conej Instrukcji Obs\u0142ugi i dowiedz si\u0119 wi\u0119cej dzi\u0119ki nadchodz\u0105cym poradnikom, poradom i wskaz\u00f3wkom zwi\u0105zanym z korzystaniem z programu. Pierwsze kroki Skr\u00f3cona Instrukcja Obs\u0142ugi Pytania i Odpowiedzi Jak Kupi\u0107 i Aktywowa\u0107 Subskrypcj\u0119 PrintVisor&hellip;","_links":{"self":[{"href":"https:\/\/www.printvisor.com\/pl\/wp-json\/wp\/v2\/pages\/40","targetHints":{"allow":["GET"]}}],"collection":[{"href":"https:\/\/www.printvisor.com\/pl\/wp-json\/wp\/v2\/pages"}],"about":[{"href":"https:\/\/www.printvisor.com\/pl\/wp-json\/wp\/v2\/types\/page"}],"author":[{"embeddable":true,"href":"https:\/\/www.printvisor.com\/pl\/wp-json\/wp\/v2\/users\/1"}],"replies":[{"embeddable":true,"href":"https:\/\/www.printvisor.com\/pl\/wp-json\/wp\/v2\/comments?post=40"}],"version-history":[{"count":7,"href":"https:\/\/www.printvisor.com\/pl\/wp-json\/wp\/v2\/pages\/40\/revisions"}],"predecessor-version":[{"id":253,"href":"https:\/\/www.printvisor.com\/pl\/wp-json\/wp\/v2\/pages\/40\/revisions\/253"}],"wp:attachment":[{"href":"https:\/\/www.printvisor.com\/pl\/wp-json\/wp\/v2\/media?parent=40"}],"curies":[{"name":"wp","href":"https:\/\/api.w.org\/{rel}","templated":true}]}}