{"id":248,"date":"2024-12-09T11:32:42","date_gmt":"2024-12-09T11:32:42","guid":{"rendered":"https:\/\/www.printvisor.com\/pl\/?page_id=248"},"modified":"2024-12-09T11:33:28","modified_gmt":"2024-12-09T11:33:28","slug":"buy-and-activate-subscription","status":"publish","type":"page","link":"https:\/\/www.printvisor.com\/pl\/centrum-pomocy\/buy-and-activate-subscription","title":{"rendered":"Jak Kupi\u0107 i Aktywowa\u0107 Subskrypcj\u0119 PrintVisor"},"content":{"rendered":"\n<p>Subskrypcja PrintVisor to produkt z automatycznym odnawianiem, wa\u017cny przez jeden rok. Po otrzymaniu klucza licencyjnego subskrypcja rozpoczyna si\u0119 w dniu zakupu i automatycznie odnawia si\u0119 co rok, chyba \u017ce j\u0105 anulujesz. W tym artykule znajduj\u0105 si\u0119 instrukcje krok po kroku dotycz\u0105ce sposobu uzyskania i aktywacji klucza licencyjnego subskrypcji.<\/p>\n\n\n\n<div class=\"wp-block-columns card card-body is-layout-flex wp-container-core-columns-is-layout-28f84493 wp-block-columns-is-layout-flex\">\n<div class=\"wp-block-column is-layout-flow wp-block-column-is-layout-flow\">\n<p><strong><strong>Spis tre\u015bci<\/strong><\/strong><\/p>\n\n\n\n<ul class=\"wp-block-list\">\n<li><a href=\"#buy\">Zakup klucza licencyjnego<\/a><\/li>\n\n\n\n<li><a href=\"#activate\">Aktywacja klucza licencyjnego<\/a><\/li>\n<\/ul>\n<\/div>\n<\/div>\n\n\n\n<h2 class=\"wp-block-heading\" id=\"buy\">Zakup klucza licencyjnego<\/h2>\n\n\n\n<p>Aby kupi\u0107 klucz licencyjny subskrypcji PrintVisor:<\/p>\n\n\n\n<ol class=\"wp-block-list\">\n<li>Przejd\u017a do <a href=\"https:\/\/www.printvisor.com\/pl\/buy\">https:\/\/www.printvisor.com\/pl\/buy<\/a>;<\/li>\n\n\n\n<li>Okre\u015bl liczb\u0119 drukarek, kt\u00f3re chcesz monitorowa\u0107 w swojej organizacji i przejd\u017a do kasy;<\/li>\n\n\n\n<li>Po zako\u0144czeniu p\u0142atno\u015bci otrzymasz wiadomo\u015b\u0107 e-mail od platformy e-commerce PayPro. Otw\u00f3rz wiadomo\u015b\u0107 e-mail zawieraj\u0105c\u0105 24-cyfrowy <em>klucz licencyjny subskrypcji PrintVisor<\/em> i skopiuj go do schowka;<br><br><img decoding=\"async\" class=\"wp-image-2258\" style=\"width: 20px;\" src=\"https:\/\/www.printvisor.com\/media\/2021\/08\/warning.svg\" alt=\"\"> Wa\u017cne: nale\u017cy aktywowa\u0107 klucz licencyjny natychmiast po zakupie. Okres subskrypcji rozpoczyna si\u0119 w dniu zakupu, a nie w momencie aktywacji klucza.<\/li>\n<\/ol>\n\n\n\n<figure class=\"wp-block-image aligncenter size-large\"><img decoding=\"async\" src=\"https:\/\/www.printvisor.com\/media\/2024\/12\/email-from-paypro-291x600.png\" alt=\"Zdob\u0105d\u017a klucz licencyjny dla subskrypcji PrintVisor\" class=\"wp-image-3035\" title=\"Zdob\u0105d\u017a klucz licencyjny dla subskrypcji PrintVisor\"\/><\/figure>\n\n\n\n<div class=\"wp-block-columns card card-body is-layout-flex wp-container-core-columns-is-layout-28f84493 wp-block-columns-is-layout-flex\">\n<div class=\"wp-block-column is-layout-flow wp-block-column-is-layout-flow\">\n<p><img decoding=\"async\" class=\"wp-image-2257\" style=\"width: 20px;\" src=\"https:\/\/www.printvisor.com\/media\/2021\/08\/information.svg\" alt=\"\"> Uwaga: klucze licencyjne mo\u017cna uzyska\u0107 od po\u015brednik\u00f3w sprzeda\u017cy, je\u015bli nie mo\u017cesz ich kupi\u0107 bezpo\u015brednio u nas.<\/p>\n<\/div>\n<\/div>\n\n\n\n<h2 class=\"wp-block-heading\" id=\"activate\">Aktywacja klucza licencyjnego<\/h2>\n\n\n\n<ol class=\"wp-block-list\">\n<li>Zaloguj si\u0119 do Panelu Administratora w PrintVisor, klikaj\u0105c ten link: <a href=\"https:\/\/printvisorcp.com\">https:\/\/printvisorcp.com<\/a>;<\/li>\n\n\n\n<li>Przejd\u017a do zak\u0142\u0105dki <em>Subskrypcja <\/em>(<em>Subscription<\/em>);<\/li>\n\n\n\n<li>Wklej klucz licencyjny w obszarze <em>Odbierz klucz licencyjny <\/em>(<em>Redeem a license key<\/em>) i kliknij przycisk <em>Aktywuj <\/em>(<em>Activate<\/em>).<\/li>\n<\/ol>\n\n\n\n<figure class=\"wp-block-image aligncenter size-large\"><img decoding=\"async\" src=\"https:\/\/www.printvisor.com\/media\/2024\/12\/activate-license-key-600x342.png\" alt=\"Subskrypcja PrintVisor - Aktywuj klucz licencyjny\" class=\"wp-image-3036\" title=\"Subskrypcja PrintVisor - Aktywuj klucz licencyjny\"\/><\/figure>\n\n\n\n<p>Je\u015bli wyst\u0105pi\u0105 jakiekolwiek problemy z zakupem kluczy licencyjnych, odnowieniem subskrypcji lub aktywacj\u0105 kluczy, <a href=\"https:\/\/www.printvisor.com\/pl\/contact\">skontaktuj si\u0119 z nami w celu uzyskania pomocy<\/a>.<\/p>\n\n\n\n<p><\/p>\n","protected":false},"excerpt":{"rendered":"<p>Subskrypcja PrintVisor to produkt z automatycznym odnawianiem, wa\u017cny przez jeden rok. Po otrzymaniu klucza licencyjnego subskrypcja rozpoczyna si\u0119 w dniu zakupu i automatycznie odnawia si\u0119 co rok, chyba \u017ce j\u0105 anulujesz. W tym artykule znajduj\u0105 si\u0119 instrukcje krok po kroku dotycz\u0105ce sposobu uzyskania i aktywacji klucza licencyjnego subskrypcji. Spis tre\u015bci Zakup klucza licencyjnego Aby kupi\u0107 [&hellip;]<\/p>\n","protected":false},"author":1,"featured_media":0,"parent":40,"menu_order":0,"comment_status":"closed","ping_status":"closed","template":"","meta":{"inline_featured_image":false,"_uag_custom_page_level_css":"","site-sidebar-layout":"default","site-content-layout":"","ast-site-content-layout":"default","site-content-style":"default","site-sidebar-style":"default","ast-global-header-display":"","ast-banner-title-visibility":"","ast-main-header-display":"","ast-hfb-above-header-display":"","ast-hfb-below-header-display":"","ast-hfb-mobile-header-display":"","site-post-title":"","ast-breadcrumbs-content":"","ast-featured-img":"","footer-sml-layout":"","ast-disable-related-posts":"","theme-transparent-header-meta":"","adv-header-id-meta":"","stick-header-meta":"","header-above-stick-meta":"","header-main-stick-meta":"","header-below-stick-meta":"","astra-migrate-meta-layouts":"set","ast-page-background-enabled":"default","ast-page-background-meta":{"desktop":{"background-color":"","background-image":"","background-repeat":"repeat","background-position":"center center","background-size":"auto","background-attachment":"scroll","background-type":"","background-media":"","overlay-type":"","overlay-color":"","overlay-opacity":"","overlay-gradient":""},"tablet":{"background-color":"","background-image":"","background-repeat":"repeat","background-position":"center center","background-size":"auto","background-attachment":"scroll","background-type":"","background-media":"","overlay-type":"","overlay-color":"","overlay-opacity":"","overlay-gradient":""},"mobile":{"background-color":"","background-image":"","background-repeat":"repeat","background-position":"center center","background-size":"auto","background-attachment":"scroll","background-type":"","background-media":"","overlay-type":"","overlay-color":"","overlay-opacity":"","overlay-gradient":""}},"ast-content-background-meta":{"desktop":{"background-color":"var(--ast-global-color-5)","background-image":"","background-repeat":"repeat","background-position":"center center","background-size":"auto","background-attachment":"scroll","background-type":"","background-media":"","overlay-type":"","overlay-color":"","overlay-opacity":"","overlay-gradient":""},"tablet":{"background-color":"var(--ast-global-color-5)","background-image":"","background-repeat":"repeat","background-position":"center center","background-size":"auto","background-attachment":"scroll","background-type":"","background-media":"","overlay-type":"","overlay-color":"","overlay-opacity":"","overlay-gradient":""},"mobile":{"background-color":"var(--ast-global-color-5)","background-image":"","background-repeat":"repeat","background-position":"center center","background-size":"auto","background-attachment":"scroll","background-type":"","background-media":"","overlay-type":"","overlay-color":"","overlay-opacity":"","overlay-gradient":""}},"footnotes":""},"class_list":["post-248","page","type-page","status-publish","hentry"],"yoast_head":"<!-- This site is optimized with the Yoast SEO plugin v27.5 - https:\/\/yoast.com\/product\/yoast-seo-wordpress\/ -->\n<title>Jak Kupi\u0107 i Aktywowa\u0107 Subskrypcj\u0119 PrintVisor \u2013 PrintVisor<\/title>\n<meta name=\"description\" content=\"Dowiedz si\u0119, jak zdoby\u0107 i aktywowa\u0107 klucz licencyjny subskrypcji PrintVisor. Subskrypcja PrintVisor to produkt z automatycznym odnawianiem, wa\u017cny przez jeden rok. Subskrypcja rozpoczyna si\u0119 w dniu zakupu i odnawia si\u0119 automatycznie co roku, chyba \u017ce j\u0105 anulujesz.\" \/>\n<meta name=\"robots\" content=\"index, follow, max-snippet:-1, max-image-preview:large, max-video-preview:-1\" \/>\n<link rel=\"canonical\" href=\"https:\/\/www.printvisor.com\/pl\/centrum-pomocy\/buy-and-activate-subscription\" \/>\n<meta property=\"og:locale\" content=\"pl_PL\" \/>\n<meta property=\"og:type\" content=\"article\" \/>\n<meta property=\"og:title\" content=\"Jak Kupi\u0107 i Aktywowa\u0107 Subskrypcj\u0119 PrintVisor \u2013 PrintVisor\" \/>\n<meta property=\"og:description\" content=\"Dowiedz si\u0119, jak zdoby\u0107 i aktywowa\u0107 klucz licencyjny subskrypcji PrintVisor. Subskrypcja PrintVisor to produkt z automatycznym odnawianiem, wa\u017cny przez jeden rok. Subskrypcja rozpoczyna si\u0119 w dniu zakupu i odnawia si\u0119 automatycznie co roku, chyba \u017ce j\u0105 anulujesz.\" \/>\n<meta property=\"og:url\" content=\"https:\/\/www.printvisor.com\/pl\/centrum-pomocy\/buy-and-activate-subscription\" \/>\n<meta property=\"og:site_name\" content=\"PrintVisor\" \/>\n<meta property=\"article:modified_time\" content=\"2024-12-09T11:33:28+00:00\" \/>\n<meta name=\"twitter:card\" content=\"summary_large_image\" \/>\n<meta name=\"twitter:label1\" content=\"Szacowany czas czytania\" \/>\n\t<meta name=\"twitter:data1\" content=\"2 minuty\" \/>\n<script type=\"application\/ld+json\" class=\"yoast-schema-graph\">{\"@context\":\"https:\\\/\\\/schema.org\",\"@graph\":[{\"@type\":\"WebPage\",\"@id\":\"https:\\\/\\\/www.printvisor.com\\\/pl\\\/centrum-pomocy\\\/buy-and-activate-subscription\",\"url\":\"https:\\\/\\\/www.printvisor.com\\\/pl\\\/centrum-pomocy\\\/buy-and-activate-subscription\",\"name\":\"Jak Kupi\u0107 i Aktywowa\u0107 Subskrypcj\u0119 PrintVisor \u2013 PrintVisor\",\"isPartOf\":{\"@id\":\"https:\\\/\\\/www.printvisor.com\\\/pl\\\/#website\"},\"primaryImageOfPage\":{\"@id\":\"https:\\\/\\\/www.printvisor.com\\\/pl\\\/centrum-pomocy\\\/buy-and-activate-subscription#primaryimage\"},\"image\":{\"@id\":\"https:\\\/\\\/www.printvisor.com\\\/pl\\\/centrum-pomocy\\\/buy-and-activate-subscription#primaryimage\"},\"thumbnailUrl\":\"https:\\\/\\\/www.printvisor.com\\\/media\\\/2021\\\/08\\\/warning.svg\",\"datePublished\":\"2024-12-09T11:32:42+00:00\",\"dateModified\":\"2024-12-09T11:33:28+00:00\",\"description\":\"Dowiedz si\u0119, jak zdoby\u0107 i aktywowa\u0107 klucz licencyjny subskrypcji PrintVisor. Subskrypcja PrintVisor to produkt z automatycznym odnawianiem, wa\u017cny przez jeden rok. Subskrypcja rozpoczyna si\u0119 w dniu zakupu i odnawia si\u0119 automatycznie co roku, chyba \u017ce j\u0105 anulujesz.\",\"breadcrumb\":{\"@id\":\"https:\\\/\\\/www.printvisor.com\\\/pl\\\/centrum-pomocy\\\/buy-and-activate-subscription#breadcrumb\"},\"inLanguage\":\"pl-PL\",\"potentialAction\":[{\"@type\":\"ReadAction\",\"target\":[\"https:\\\/\\\/www.printvisor.com\\\/pl\\\/centrum-pomocy\\\/buy-and-activate-subscription\"]}]},{\"@type\":\"ImageObject\",\"inLanguage\":\"pl-PL\",\"@id\":\"https:\\\/\\\/www.printvisor.com\\\/pl\\\/centrum-pomocy\\\/buy-and-activate-subscription#primaryimage\",\"url\":\"https:\\\/\\\/www.printvisor.com\\\/media\\\/2021\\\/08\\\/warning.svg\",\"contentUrl\":\"https:\\\/\\\/www.printvisor.com\\\/media\\\/2021\\\/08\\\/warning.svg\"},{\"@type\":\"BreadcrumbList\",\"@id\":\"https:\\\/\\\/www.printvisor.com\\\/pl\\\/centrum-pomocy\\\/buy-and-activate-subscription#breadcrumb\",\"itemListElement\":[{\"@type\":\"ListItem\",\"position\":1,\"name\":\"Home\",\"item\":\"https:\\\/\\\/www.printvisor.com\\\/pl\\\/\"},{\"@type\":\"ListItem\",\"position\":2,\"name\":\"Centrum Pomocy PrintVisor\",\"item\":\"https:\\\/\\\/www.printvisor.com\\\/pl\\\/centrum-pomocy\"},{\"@type\":\"ListItem\",\"position\":3,\"name\":\"Jak Kupi\u0107 i Aktywowa\u0107 Subskrypcj\u0119 PrintVisor\"}]},{\"@type\":\"WebSite\",\"@id\":\"https:\\\/\\\/www.printvisor.com\\\/pl\\\/#website\",\"url\":\"https:\\\/\\\/www.printvisor.com\\\/pl\\\/\",\"name\":\"PrintVisor\",\"description\":\"Just another PrintVisor Sites site\",\"publisher\":{\"@id\":\"https:\\\/\\\/www.printvisor.com\\\/pl\\\/#organization\"},\"potentialAction\":[{\"@type\":\"SearchAction\",\"target\":{\"@type\":\"EntryPoint\",\"urlTemplate\":\"https:\\\/\\\/www.printvisor.com\\\/pl\\\/?s={search_term_string}\"},\"query-input\":{\"@type\":\"PropertyValueSpecification\",\"valueRequired\":true,\"valueName\":\"search_term_string\"}}],\"inLanguage\":\"pl-PL\"},{\"@type\":\"Organization\",\"@id\":\"https:\\\/\\\/www.printvisor.com\\\/pl\\\/#organization\",\"name\":\"PrintVisor\",\"url\":\"https:\\\/\\\/www.printvisor.com\\\/pl\\\/\",\"logo\":{\"@type\":\"ImageObject\",\"inLanguage\":\"pl-PL\",\"@id\":\"https:\\\/\\\/www.printvisor.com\\\/pl\\\/#\\\/schema\\\/logo\\\/image\\\/\",\"url\":\"https:\\\/\\\/www.printvisor.com\\\/pl\\\/media\\\/sites\\\/3\\\/2021\\\/08\\\/pv2.svg\",\"contentUrl\":\"https:\\\/\\\/www.printvisor.com\\\/pl\\\/media\\\/sites\\\/3\\\/2021\\\/08\\\/pv2.svg\",\"width\":50,\"height\":50,\"caption\":\"PrintVisor\"},\"image\":{\"@id\":\"https:\\\/\\\/www.printvisor.com\\\/pl\\\/#\\\/schema\\\/logo\\\/image\\\/\"}}]}<\/script>\n<!-- \/ Yoast SEO plugin. -->","yoast_head_json":{"title":"Jak Kupi\u0107 i Aktywowa\u0107 Subskrypcj\u0119 PrintVisor \u2013 PrintVisor","description":"Dowiedz si\u0119, jak zdoby\u0107 i aktywowa\u0107 klucz licencyjny subskrypcji PrintVisor. Subskrypcja PrintVisor to produkt z automatycznym odnawianiem, wa\u017cny przez jeden rok. Subskrypcja rozpoczyna si\u0119 w dniu zakupu i odnawia si\u0119 automatycznie co roku, chyba \u017ce j\u0105 anulujesz.","robots":{"index":"index","follow":"follow","max-snippet":"max-snippet:-1","max-image-preview":"max-image-preview:large","max-video-preview":"max-video-preview:-1"},"canonical":"https:\/\/www.printvisor.com\/pl\/centrum-pomocy\/buy-and-activate-subscription","og_locale":"pl_PL","og_type":"article","og_title":"Jak Kupi\u0107 i Aktywowa\u0107 Subskrypcj\u0119 PrintVisor \u2013 PrintVisor","og_description":"Dowiedz si\u0119, jak zdoby\u0107 i aktywowa\u0107 klucz licencyjny subskrypcji PrintVisor. Subskrypcja PrintVisor to produkt z automatycznym odnawianiem, wa\u017cny przez jeden rok. Subskrypcja rozpoczyna si\u0119 w dniu zakupu i odnawia si\u0119 automatycznie co roku, chyba \u017ce j\u0105 anulujesz.","og_url":"https:\/\/www.printvisor.com\/pl\/centrum-pomocy\/buy-and-activate-subscription","og_site_name":"PrintVisor","article_modified_time":"2024-12-09T11:33:28+00:00","twitter_card":"summary_large_image","twitter_misc":{"Szacowany czas czytania":"2 minuty"},"schema":{"@context":"https:\/\/schema.org","@graph":[{"@type":"WebPage","@id":"https:\/\/www.printvisor.com\/pl\/centrum-pomocy\/buy-and-activate-subscription","url":"https:\/\/www.printvisor.com\/pl\/centrum-pomocy\/buy-and-activate-subscription","name":"Jak Kupi\u0107 i Aktywowa\u0107 Subskrypcj\u0119 PrintVisor \u2013 PrintVisor","isPartOf":{"@id":"https:\/\/www.printvisor.com\/pl\/#website"},"primaryImageOfPage":{"@id":"https:\/\/www.printvisor.com\/pl\/centrum-pomocy\/buy-and-activate-subscription#primaryimage"},"image":{"@id":"https:\/\/www.printvisor.com\/pl\/centrum-pomocy\/buy-and-activate-subscription#primaryimage"},"thumbnailUrl":"https:\/\/www.printvisor.com\/media\/2021\/08\/warning.svg","datePublished":"2024-12-09T11:32:42+00:00","dateModified":"2024-12-09T11:33:28+00:00","description":"Dowiedz si\u0119, jak zdoby\u0107 i aktywowa\u0107 klucz licencyjny subskrypcji PrintVisor. Subskrypcja PrintVisor to produkt z automatycznym odnawianiem, wa\u017cny przez jeden rok. Subskrypcja rozpoczyna si\u0119 w dniu zakupu i odnawia si\u0119 automatycznie co roku, chyba \u017ce j\u0105 anulujesz.","breadcrumb":{"@id":"https:\/\/www.printvisor.com\/pl\/centrum-pomocy\/buy-and-activate-subscription#breadcrumb"},"inLanguage":"pl-PL","potentialAction":[{"@type":"ReadAction","target":["https:\/\/www.printvisor.com\/pl\/centrum-pomocy\/buy-and-activate-subscription"]}]},{"@type":"ImageObject","inLanguage":"pl-PL","@id":"https:\/\/www.printvisor.com\/pl\/centrum-pomocy\/buy-and-activate-subscription#primaryimage","url":"https:\/\/www.printvisor.com\/media\/2021\/08\/warning.svg","contentUrl":"https:\/\/www.printvisor.com\/media\/2021\/08\/warning.svg"},{"@type":"BreadcrumbList","@id":"https:\/\/www.printvisor.com\/pl\/centrum-pomocy\/buy-and-activate-subscription#breadcrumb","itemListElement":[{"@type":"ListItem","position":1,"name":"Home","item":"https:\/\/www.printvisor.com\/pl\/"},{"@type":"ListItem","position":2,"name":"Centrum Pomocy PrintVisor","item":"https:\/\/www.printvisor.com\/pl\/centrum-pomocy"},{"@type":"ListItem","position":3,"name":"Jak Kupi\u0107 i Aktywowa\u0107 Subskrypcj\u0119 PrintVisor"}]},{"@type":"WebSite","@id":"https:\/\/www.printvisor.com\/pl\/#website","url":"https:\/\/www.printvisor.com\/pl\/","name":"PrintVisor","description":"Just another PrintVisor Sites site","publisher":{"@id":"https:\/\/www.printvisor.com\/pl\/#organization"},"potentialAction":[{"@type":"SearchAction","target":{"@type":"EntryPoint","urlTemplate":"https:\/\/www.printvisor.com\/pl\/?s={search_term_string}"},"query-input":{"@type":"PropertyValueSpecification","valueRequired":true,"valueName":"search_term_string"}}],"inLanguage":"pl-PL"},{"@type":"Organization","@id":"https:\/\/www.printvisor.com\/pl\/#organization","name":"PrintVisor","url":"https:\/\/www.printvisor.com\/pl\/","logo":{"@type":"ImageObject","inLanguage":"pl-PL","@id":"https:\/\/www.printvisor.com\/pl\/#\/schema\/logo\/image\/","url":"https:\/\/www.printvisor.com\/pl\/media\/sites\/3\/2021\/08\/pv2.svg","contentUrl":"https:\/\/www.printvisor.com\/pl\/media\/sites\/3\/2021\/08\/pv2.svg","width":50,"height":50,"caption":"PrintVisor"},"image":{"@id":"https:\/\/www.printvisor.com\/pl\/#\/schema\/logo\/image\/"}}]}},"uagb_featured_image_src":{"full":false,"thumbnail":false,"medium":false,"medium_large":false,"large":false,"1536x1536":false,"2048x2048":false},"uagb_author_info":{"display_name":"Dmitry","author_link":"https:\/\/www.printvisor.com\/pl\/author\/dmitry"},"uagb_comment_info":0,"uagb_excerpt":"Subskrypcja PrintVisor to produkt z automatycznym odnawianiem, wa\u017cny przez jeden rok. Po otrzymaniu klucza licencyjnego subskrypcja rozpoczyna si\u0119 w dniu zakupu i automatycznie odnawia si\u0119 co rok, chyba \u017ce j\u0105 anulujesz. W tym artykule znajduj\u0105 si\u0119 instrukcje krok po kroku dotycz\u0105ce sposobu uzyskania i aktywacji klucza licencyjnego subskrypcji. Spis tre\u015bci Zakup klucza licencyjnego Aby kupi\u0107&hellip;","_links":{"self":[{"href":"https:\/\/www.printvisor.com\/pl\/wp-json\/wp\/v2\/pages\/248","targetHints":{"allow":["GET"]}}],"collection":[{"href":"https:\/\/www.printvisor.com\/pl\/wp-json\/wp\/v2\/pages"}],"about":[{"href":"https:\/\/www.printvisor.com\/pl\/wp-json\/wp\/v2\/types\/page"}],"author":[{"embeddable":true,"href":"https:\/\/www.printvisor.com\/pl\/wp-json\/wp\/v2\/users\/1"}],"replies":[{"embeddable":true,"href":"https:\/\/www.printvisor.com\/pl\/wp-json\/wp\/v2\/comments?post=248"}],"version-history":[{"count":2,"href":"https:\/\/www.printvisor.com\/pl\/wp-json\/wp\/v2\/pages\/248\/revisions"}],"predecessor-version":[{"id":250,"href":"https:\/\/www.printvisor.com\/pl\/wp-json\/wp\/v2\/pages\/248\/revisions\/250"}],"up":[{"embeddable":true,"href":"https:\/\/www.printvisor.com\/pl\/wp-json\/wp\/v2\/pages\/40"}],"wp:attachment":[{"href":"https:\/\/www.printvisor.com\/pl\/wp-json\/wp\/v2\/media?parent=248"}],"curies":[{"name":"wp","href":"https:\/\/api.w.org\/{rel}","templated":true}]}}